{"id":193,"date":"2020-11-17T09:36:43","date_gmt":"2020-11-17T09:36:43","guid":{"rendered":"https:\/\/stockholm105.qodeinteractive.com\/?page_id=193"},"modified":"2025-08-26T16:35:34","modified_gmt":"2025-08-26T14:35:34","slug":"main-home","status":"publish","type":"page","link":"https:\/\/kolevesvendeglo.hu\/en\/","title":{"rendered":"HOME"},"content":{"rendered":"<div data-elementor-type=\"wp-page\" data-elementor-id=\"193\" class=\"elementor elementor-193\">\n\t\t\t\t\t\t<section class=\"elementor-section elementor-top-section elementor-element elementor-element-c473bfc elementor-section-full_width elementor-section-height-default elementor-section-height-default parallax_section_no qode_elementor_container_no qode-content-aligment-left\" data-id=\"c473bfc\" data-element_type=\"section\">\n\t\t\t\t\t\t<div class=\"elementor-container elementor-column-gap-no\">\n\t\t\t\t\t<div class=\"elementor-column elementor-col-100 elementor-top-column elementor-element elementor-element-9e1f98d\" data-id=\"9e1f98d\" data-element_type=\"column\">\n\t\t\t<div class=\"elementor-widget-wrap elementor-element-populated\">\n\t\t\t\t\t\t<div class=\"elementor-element elementor-element-b45d56a elementor-widget elementor-widget-slider_revolution\" data-id=\"b45d56a\" data-element_type=\"widget\" data-widget_type=\"slider_revolution.default\">\n\t\t\t\t<div class=\"elementor-widget-container\">\n\t\t\t\t\t\n\t\t<div class=\"wp-block-themepunch-revslider\">\n\t\t\t\t<p class=\"rs-p-wp-fix\"><\/p>\n\t\t\t\t<sr7-module data-alias=\"slider-1-1\" data-id=\"3\" id=\"SR7_3_1\" class=\"rs-ov-hidden\" data-version=\"6.7.29\">\n\t\t\t\t\t<sr7-adjuster><\/sr7-adjuster>\n\t\t\t\t\t<sr7-content>\n\t\t\t\t\t\t<sr7-slide id=\"SR7_3_1-3\" data-key=\"3\">\n\t\t\t\t\t\t\t<sr7-bg id=\"SR7_3_1-3-6\" class=\"sr7-layer\"><noscript><img decoding=\"async\" src=\"https:\/\/kolevesvendeglo.hu\/wp-content\/uploads\/2025\/07\/LANDING_COVER_02.jpg\" alt=\"\" title=\"LANDING_COVER_02\"><\/noscript><\/sr7-bg>\n\t\t\t\t\t\t<\/sr7-slide>\n\t\t\t\t\t\t<sr7-slide id=\"SR7_3_1-12\" data-key=\"12\">\n\t\t\t\t\t\t<\/sr7-slide>\n\t\t\t\t\t<\/sr7-content>\n\t\t\t\t\t<image_lists style=\"display:none\">\n\t\t\t\t\t\t<img data-src=\"\/\/kolevesvendeglo.hu\/wp-content\/uploads\/2025\/05\/LOGO_HOME_ENG_V1-scaled.png\" data-libid=\"2015\" data-lib=\"medialibrary\" title=\"LOGO_HOME_ENG_V1\" width=\"0\" height=\"0\" data-dbsrc=\"Ly9rb2xldmVzdmVuZGVnbG8uaHUvd3AtY29udGVudC91cGxvYWRzLzIwMjUvMDUvTE9HT19IT01FX0VOR19WMS1zY2FsZWQucG5n\"\/>\n\t\t\t\t\t\t<img data-src=\"\/\/kolevesvendeglo.hu\/wp-content\/uploads\/2025\/06\/MOBILE_LOGO_HOME_ENG_V1.png\" data-libid=\"4230\" data-lib=\"medialibrary\" title=\"MOBILE_LOGO_HOME_ENG_V1\" width=\"0\" height=\"0\" data-dbsrc=\"Ly9rb2xldmVzdmVuZGVnbG8uaHUvd3AtY29udGVudC91cGxvYWRzLzIwMjUvMDYvTU9CSUxFX0xPR09fSE9NRV9FTkdfVjEucG5n\"\/>\n\t\t\t\t\t\t<img data-src=\"\/\/kolevesvendeglo.hu\/wp-content\/uploads\/2025\/05\/CROP_HOME_DESKTOP_V1@4x-scaled.png\" data-libid=\"2013\" data-lib=\"medialibrary\" title=\"CROP_HOME_DESKTOP_V1@4x\" width=\"0\" height=\"0\" data-dbsrc=\"Ly9rb2xldmVzdmVuZGVnbG8uaHUvd3AtY29udGVudC91cGxvYWRzLzIwMjUvMDUvQ1JPUF9IT01FX0RFU0tUT1BfVjFANHgtc2NhbGVkLnBuZw==\"\/>\n\t\t\t\t\t\t<img loading=\"lazy\" data-src=\"\/\/kolevesvendeglo.hu\/wp-content\/uploads\/2025\/07\/CROP_HOME_MOBIL_V2@4x.png\" data-libid=\"8190\" data-lib=\"medialibrary\" title=\"CROP_HOME_MOBIL_V2@4x\" width=\"0\" height=\"0\" data-dbsrc=\"Ly9rb2xldmVzdmVuZGVnbG8uaHUvd3AtY29udGVudC91cGxvYWRzLzIwMjUvMDcvQ1JPUF9IT01FX01PQklMX1YyQDR4LnBuZw==\"\/>\n\t\t\t\t\t\t<img loading=\"lazy\" data-src=\"\/\/kolevesvendeglo.hu\/wp-content\/uploads\/2025\/07\/LOGO_HOME_HUN_V1.png\" data-libid=\"7821\" data-lib=\"medialibrary\" title=\"LOGO_HOME_HUN_V1\" width=\"0\" height=\"0\" data-dbsrc=\"Ly9rb2xldmVzdmVuZGVnbG8uaHUvd3AtY29udGVudC91cGxvYWRzLzIwMjUvMDcvTE9HT19IT01FX0hVTl9WMS5wbmc=\"\/>\n\t\t\t\t\t\t<img loading=\"lazy\" data-src=\"\/\/kolevesvendeglo.hu\/wp-content\/uploads\/2025\/07\/MOBILE_LOGO_HOME_HUN_V1.png\" data-libid=\"7820\" data-lib=\"medialibrary\" title=\"MOBILE_LOGO_HOME_HUN_V1\" width=\"0\" height=\"0\" data-dbsrc=\"Ly9rb2xldmVzdmVuZGVnbG8uaHUvd3AtY29udGVudC91cGxvYWRzLzIwMjUvMDcvTU9CSUxFX0xPR09fSE9NRV9IVU5fVjEucG5n\"\/>\n\t\t\t\t\t\t<img loading=\"lazy\" data-src=\"\/\/kolevesvendeglo.hu\/wp-content\/uploads\/2025\/07\/LANDING_COVER_02.jpg\" data-libid=\"8408\" data-lib=\"medialibrary\" title=\"LANDING_COVER_02\" width=\"0\" height=\"0\" data-dbsrc=\"Ly9rb2xldmVzdmVuZGVnbG8uaHUvd3AtY29udGVudC91cGxvYWRzLzIwMjUvMDcvTEFORElOR19DT1ZFUl8wMi5qcGc=\"\/>\n\t\t\t\t\t<\/image_lists>\n\t\t\t\t<\/sr7-module>\n\t\t\t\t<script>\n\t\t\t\t\tSR7.PMH ??={}; SR7.PMH[\"SR7_3_1\"] = {cn:100,state:false,fn: function() { if (_tpt!==undefined && _tpt.prepareModuleHeight !== undefined) {  _tpt.prepareModuleHeight({id:\"SR7_3_1\",el:[1441,1441,768,960,720],type:'standard',shdw:'0',gh:[1441,1441,768,960,720],gw:[2560,2560,1024,778,480],vpt:['-100px&#039;,&#039;-100px&#039;,&#039;-100px&#039;,&#039;-100px&#039;,&#039;-100px'],size:{fullWidth:true, fullHeight:true},fho:'',mh:'0',onh:0,onw:0,bg:{color:'{\"type\":\"solid\",\"orig\":\"#654a43\",\"string\":\"rgba(101, 74, 67, 1)\"}'}});   SR7.PMH[\"SR7_3_1\"].state=true;} else if(SR7.PMH[\"SR7_3_1\"].cn-->0)\tsetTimeout( SR7.PMH[\"SR7_3_1\"].fn,19);}};SR7.PMH[\"SR7_3_1\" ].fn();\n\t\t\t\t<\/script>\n<\/div>\n\n\t\t\t\t\t\t<\/div>\n\t\t\t\t<\/div>\n\t\t\t\t\t<\/div>\n\t\t<\/div>\n\t\t\t\t\t<\/div>\n\t\t<\/section>\n\t\t<div class=\"elementor-element elementor-element-72b550d e-flex e-con-boxed e-con e-parent\" data-id=\"72b550d\" data-element_type=\"container\">\n\t\t\t\t\t<div class=\"e-con-inner\">\n\t\t<div class=\"elementor-element elementor-element-42f77c8 e-con-full e-flex e-con e-child\" data-id=\"42f77c8\" data-element_type=\"container\">\n\t\t\t\t<div class=\"elementor-element elementor-element-8f1d431 heading_title elementor-hidden-mobile elementor-widget elementor-widget-heading\" data-id=\"8f1d431\" data-element_type=\"widget\" data-widget_type=\"heading.default\">\n\t\t\t\t<div class=\"elementor-widget-container\">\n\t\t\t\t\t<h2 class=\"elementor-heading-title elementor-size-default\">K\u0151leves story<\/h2>\t\t\t\t<\/div>\n\t\t\t\t<\/div>\n\t\t\t\t<div class=\"elementor-element elementor-element-54040ee elementor-widget elementor-widget-text-editor\" data-id=\"54040ee\" data-element_type=\"widget\" data-widget_type=\"text-editor.default\">\n\t\t\t\t<div class=\"elementor-widget-container\">\n\t\t\t\t\t\t\t\t\t<p>We originally opened K\u0150LEVES in December 2005 at the corner of Kazinczy Street and Dob Street in the Jewish Quarter. We opened K\u0150LEVES GARDEN in 2009 on the neighbouring building site. In 2012, we moved to 41 Kazinczy Street into a separate building. K\u0150LEVES was one of the first restaurants in the Jewish Quarter, or Party District. From the very beginning, we wanted a place where our guests can feel at home, all our dishes are made of good quality ingredients, and the waiters are very friendly and attentive. A lot of things have changed in the world over the past 20 years, but K\u0150LEVES is still sticking to its original concept.<\/p>\t\t\t\t\t\t\t\t<\/div>\n\t\t\t\t<\/div>\n\t\t\t\t<\/div>\n\t\t<div class=\"elementor-element elementor-element-e9d2959 e-con-full e-flex e-con e-child\" data-id=\"e9d2959\" data-element_type=\"container\">\n\t\t\t\t<div class=\"elementor-element elementor-element-e92b861 heading_title elementor-hidden-desktop elementor-hidden-tablet elementor-widget elementor-widget-heading\" data-id=\"e92b861\" data-element_type=\"widget\" data-widget_type=\"heading.default\">\n\t\t\t\t<div class=\"elementor-widget-container\">\n\t\t\t\t\t<h2 class=\"elementor-heading-title elementor-size-default\">K\u0151leves story<\/h2>\t\t\t\t<\/div>\n\t\t\t\t<\/div>\n\t\t\t\t<div class=\"elementor-element elementor-element-86a80be hvr-float elementor-widget elementor-widget-image\" data-id=\"86a80be\" data-element_type=\"widget\" data-widget_type=\"image.default\">\n\t\t\t\t<div class=\"elementor-widget-container\">\n\t\t\t\t\t\t\t\t\t\t\t\t\t\t\t<img loading=\"lazy\" decoding=\"async\" width=\"1043\" height=\"1178\" src=\"https:\/\/kolevesvendeglo.hu\/wp-content\/uploads\/2025\/07\/HOME_KOLEVES_STORY_V01.png\" class=\"attachment-large size-large wp-image-8209\" alt=\"\" srcset=\"https:\/\/kolevesvendeglo.hu\/wp-content\/uploads\/2025\/07\/HOME_KOLEVES_STORY_V01.png 1043w, https:\/\/kolevesvendeglo.hu\/wp-content\/uploads\/2025\/07\/HOME_KOLEVES_STORY_V01-266x300.png 266w, https:\/\/kolevesvendeglo.hu\/wp-content\/uploads\/2025\/07\/HOME_KOLEVES_STORY_V01-768x867.png 768w, https:\/\/kolevesvendeglo.hu\/wp-content\/uploads\/2025\/07\/HOME_KOLEVES_STORY_V01-11x12.png 11w, https:\/\/kolevesvendeglo.hu\/wp-content\/uploads\/2025\/07\/HOME_KOLEVES_STORY_V01-700x791.png 700w\" sizes=\"(max-width: 1043px) 100vw, 1043px\" \/>\t\t\t\t\t\t\t\t\t\t\t\t\t\t\t<\/div>\n\t\t\t\t<\/div>\n\t\t\t\t<\/div>\n\t\t\t\t\t<\/div>\n\t\t\t\t<\/div>\n\t\t\t\t<\/div>","protected":false},"excerpt":{"rendered":"<p>K\u0151leves sztori A K\u0150LEVEST 2005. december\u00e9ben nyitottuk meg a Kazinczy \u00e9s Dob utca sark\u00e1n, majd 2009. tavasz\u00e1n a szomsz\u00e9dos telken megnyitottuk a K\u0151leves Kertet. 2012-ben a Kazinczy utca 41-be k\u00f6lt\u00f6zt\u00fcnk, egy \u00f6n\u00e1ll\u00f3 \u00e9p\u00fcletbe. A K\u0150LEVES az egyik els\u0151 vend\u00e9gl\u0151 volt a k\u00f6rny\u00e9ken, azaz a Zsid\u00f3&#8230;<\/p>","protected":false},"author":1,"featured_media":0,"parent":0,"menu_order":0,"comment_status":"closed","ping_status":"closed","template":"full_width.php","meta":{"footnotes":""},"class_list":["post-193","page","type-page","status-publish","hentry"],"_links":{"self":[{"href":"https:\/\/kolevesvendeglo.hu\/en\/wp-json\/wp\/v2\/pages\/193","targetHints":{"allow":["GET"]}}],"collection":[{"href":"https:\/\/kolevesvendeglo.hu\/en\/wp-json\/wp\/v2\/pages"}],"about":[{"href":"https:\/\/kolevesvendeglo.hu\/en\/wp-json\/wp\/v2\/types\/page"}],"author":[{"embeddable":true,"href":"https:\/\/kolevesvendeglo.hu\/en\/wp-json\/wp\/v2\/users\/1"}],"replies":[{"embeddable":true,"href":"https:\/\/kolevesvendeglo.hu\/en\/wp-json\/wp\/v2\/comments?post=193"}],"version-history":[{"count":305,"href":"https:\/\/kolevesvendeglo.hu\/en\/wp-json\/wp\/v2\/pages\/193\/revisions"}],"predecessor-version":[{"id":8900,"href":"https:\/\/kolevesvendeglo.hu\/en\/wp-json\/wp\/v2\/pages\/193\/revisions\/8900"}],"wp:attachment":[{"href":"https:\/\/kolevesvendeglo.hu\/en\/wp-json\/wp\/v2\/media?parent=193"}],"curies":[{"name":"wp","href":"https:\/\/api.w.org\/{rel}","templated":true}]}}