{"id":2055,"date":"2025-05-10T08:19:08","date_gmt":"2025-05-10T08:19:08","guid":{"rendered":"https:\/\/kolevesvendeglo.hu\/?page_id=2055"},"modified":"2025-08-26T16:35:43","modified_gmt":"2025-08-26T14:35:43","slug":"restaurant","status":"publish","type":"page","link":"https:\/\/kolevesvendeglo.hu\/en\/restaurant\/","title":{"rendered":"RESTAURANT"},"content":{"rendered":"<div data-elementor-type=\"wp-page\" data-elementor-id=\"2055\" class=\"elementor elementor-2055\">\n\t\t\t\t\t\t<section class=\"elementor-section elementor-top-section elementor-element elementor-element-c473bfc elementor-section-full_width elementor-section-height-default elementor-section-height-default parallax_section_no qode_elementor_container_no qode-content-aligment-left\" data-id=\"c473bfc\" data-element_type=\"section\">\n\t\t\t\t\t\t<div class=\"elementor-container elementor-column-gap-no\">\n\t\t\t\t\t<div class=\"elementor-column elementor-col-100 elementor-top-column elementor-element elementor-element-9e1f98d\" data-id=\"9e1f98d\" data-element_type=\"column\">\n\t\t\t<div class=\"elementor-widget-wrap elementor-element-populated\">\n\t\t\t\t\t\t<div class=\"elementor-element elementor-element-b45d56a elementor-widget__width-initial elementor-widget elementor-widget-slider_revolution\" data-id=\"b45d56a\" data-element_type=\"widget\" data-widget_type=\"slider_revolution.default\">\n\t\t\t\t<div class=\"elementor-widget-container\">\n\t\t\t\t\t\n\t\t<div class=\"wp-block-themepunch-revslider\">\n\t\t\t\t<p class=\"rs-p-wp-fix\"><\/p>\n\t\t\t\t<sr7-module data-alias=\"slider-1-1-1\" data-id=\"6\" id=\"SR7_6_1\" class=\"rs-ov-hidden\" data-version=\"6.7.29\">\n\t\t\t\t\t<sr7-adjuster><\/sr7-adjuster>\n\t\t\t\t\t<sr7-content>\n\t\t\t\t\t\t<sr7-slide id=\"SR7_6_1-4\" data-key=\"4\">\n\t\t\t\t\t\t\t<sr7-bg id=\"SR7_6_1-4-6\" class=\"sr7-layer\"><noscript><img decoding=\"async\" src=\"https:\/\/kolevesvendeglo.hu\/wp-content\/uploads\/2025\/07\/VENDEGLO_v03.jpg\" alt=\"\" title=\"VENDEGLO_v03\"><\/noscript><\/sr7-bg>\n\t\t\t\t\t\t<\/sr7-slide>\n\t\t\t\t\t\t<sr7-slide id=\"SR7_6_1-13\" data-key=\"13\">\n\t\t\t\t\t\t<\/sr7-slide>\n\t\t\t\t\t<\/sr7-content>\n\t\t\t\t\t<image_lists style=\"display:none\">\n\t\t\t\t\t\t<img data-src=\"\/\/kolevesvendeglo.hu\/wp-content\/uploads\/2025\/05\/LOGO_RESTAURANT_ENG_V1-scaled.png\" data-libid=\"2177\" data-lib=\"medialibrary\" title=\"LOGO_RESTAURANT_ENG_V1\" width=\"0\" height=\"0\" data-dbsrc=\"Ly9rb2xldmVzdmVuZGVnbG8uaHUvd3AtY29udGVudC91cGxvYWRzLzIwMjUvMDUvTE9HT19SRVNUQVVSQU5UX0VOR19WMS1zY2FsZWQucG5n\"\/>\n\t\t\t\t\t\t<img data-src=\"\/\/kolevesvendeglo.hu\/wp-content\/uploads\/2025\/06\/MOBILE_LOGO_RESTAURANT_ENG_V1.png\" data-libid=\"4229\" data-lib=\"medialibrary\" title=\"MOBILE_LOGO_RESTAURANT_ENG_V1\" width=\"0\" height=\"0\" data-dbsrc=\"Ly9rb2xldmVzdmVuZGVnbG8uaHUvd3AtY29udGVudC91cGxvYWRzLzIwMjUvMDYvTU9CSUxFX0xPR09fUkVTVEFVUkFOVF9FTkdfVjEucG5n\"\/>\n\t\t\t\t\t\t<img data-src=\"\/\/kolevesvendeglo.hu\/wp-content\/uploads\/2025\/07\/RESTAURANT_DESKTOP_V3.png\" data-libid=\"8310\" data-lib=\"medialibrary\" title=\"RESTAURANT_DESKTOP_V3\" width=\"0\" height=\"0\" data-dbsrc=\"Ly9rb2xldmVzdmVuZGVnbG8uaHUvd3AtY29udGVudC91cGxvYWRzLzIwMjUvMDcvUkVTVEFVUkFOVF9ERVNLVE9QX1YzLnBuZw==\"\/>\n\t\t\t\t\t\t<img loading=\"lazy\" data-src=\"\/\/kolevesvendeglo.hu\/wp-content\/uploads\/2025\/07\/CROP_RESTAURANT_MOBIL_V2.png\" data-libid=\"8294\" data-lib=\"medialibrary\" title=\"CROP_RESTAURANT_MOBIL_V2\" width=\"0\" height=\"0\" data-dbsrc=\"Ly9rb2xldmVzdmVuZGVnbG8uaHUvd3AtY29udGVudC91cGxvYWRzLzIwMjUvMDcvQ1JPUF9SRVNUQVVSQU5UX01PQklMX1YyLnBuZw==\"\/>\n\t\t\t\t\t\t<img loading=\"lazy\" data-src=\"\/\/kolevesvendeglo.hu\/wp-content\/uploads\/2025\/07\/LOGO_RESTAURANT_HUN_V1.png\" data-libid=\"7818\" data-lib=\"medialibrary\" title=\"LOGO_RESTAURANT_HUN_V1\" width=\"0\" height=\"0\" data-dbsrc=\"Ly9rb2xldmVzdmVuZGVnbG8uaHUvd3AtY29udGVudC91cGxvYWRzLzIwMjUvMDcvTE9HT19SRVNUQVVSQU5UX0hVTl9WMS5wbmc=\"\/>\n\t\t\t\t\t\t<img loading=\"lazy\" data-src=\"\/\/kolevesvendeglo.hu\/wp-content\/uploads\/2025\/07\/MOBILE_LOGO_RESTAURANT_HUN_V1.png\" data-libid=\"7819\" data-lib=\"medialibrary\" title=\"MOBILE_LOGO_RESTAURANT_HUN_V1\" width=\"0\" height=\"0\" data-dbsrc=\"Ly9rb2xldmVzdmVuZGVnbG8uaHUvd3AtY29udGVudC91cGxvYWRzLzIwMjUvMDcvTU9CSUxFX0xPR09fUkVTVEFVUkFOVF9IVU5fVjEucG5n\"\/>\n\t\t\t\t\t\t<img loading=\"lazy\" data-src=\"\/\/kolevesvendeglo.hu\/wp-content\/uploads\/2025\/07\/VENDEGLO_v03.jpg\" data-libid=\"8582\" data-lib=\"medialibrary\" title=\"VENDEGLO_v03\" width=\"0\" height=\"0\" data-dbsrc=\"Ly9rb2xldmVzdmVuZGVnbG8uaHUvd3AtY29udGVudC91cGxvYWRzLzIwMjUvMDcvVkVOREVHTE9fdjAzLmpwZw==\"\/>\n\t\t\t\t\t<\/image_lists>\n\t\t\t\t<\/sr7-module>\n\t\t\t\t<script>\n\t\t\t\t\tSR7.PMH ??={}; SR7.PMH[\"SR7_6_1\"] = {cn:100,state:false,fn: function() { if (_tpt!==undefined && _tpt.prepareModuleHeight !== undefined) {  _tpt.prepareModuleHeight({id:\"SR7_6_1\",el:[1441,1441,768,960,720],type:'standard',shdw:'0',gh:[1441,1441,768,960,720],gw:[2560,2560,1024,778,480],vpt:['-100px&#039;,&#039;-100px&#039;,&#039;-100px&#039;,&#039;-100px&#039;,&#039;-100px'],size:{fullWidth:true, fullHeight:true},fho:'',mh:'0',onh:0,onw:0,bg:{color:'{\"type\":\"solid\",\"orig\":\"#93bca4\",\"string\":\"rgba(147, 188, 164, 1)\"}'}});   SR7.PMH[\"SR7_6_1\"].state=true;} else if(SR7.PMH[\"SR7_6_1\"].cn-->0)\tsetTimeout( SR7.PMH[\"SR7_6_1\"].fn,19);}};SR7.PMH[\"SR7_6_1\" ].fn();\n\t\t\t\t<\/script>\n<\/div>\n\n\t\t\t\t\t\t<\/div>\n\t\t\t\t<\/div>\n\t\t\t\t\t<\/div>\n\t\t<\/div>\n\t\t\t\t\t<\/div>\n\t\t<\/section>\n\t\t<div class=\"elementor-element elementor-element-eb3a10e e-flex e-con-boxed e-con e-parent\" data-id=\"eb3a10e\" data-element_type=\"container\">\n\t\t\t\t\t<div class=\"e-con-inner\">\n\t\t<div class=\"elementor-element elementor-element-e99c06c e-con-full e-flex e-con e-child\" data-id=\"e99c06c\" data-element_type=\"container\">\n\t\t\t\t<div class=\"elementor-element elementor-element-1b61a7b heading_title elementor-widget elementor-widget-heading\" data-id=\"1b61a7b\" data-element_type=\"widget\" data-widget_type=\"heading.default\">\n\t\t\t\t<div class=\"elementor-widget-container\">\n\t\t\t\t\t<h2 class=\"elementor-heading-title elementor-size-default\">K\u0151leves Restaurant<\/h2>\t\t\t\t<\/div>\n\t\t\t\t<\/div>\n\t\t\t\t<div class=\"elementor-element elementor-element-effd005 elementor-hidden-desktop hvr-float elementor-widget elementor-widget-image\" data-id=\"effd005\" data-element_type=\"widget\" data-widget_type=\"image.default\">\n\t\t\t\t<div class=\"elementor-widget-container\">\n\t\t\t\t\t\t\t\t\t\t\t\t\t\t\t<img decoding=\"async\" src=\"https:\/\/kolevesvendeglo.hu\/wp-content\/uploads\/elementor\/thumbs\/RESTAURANT_ABOUT_V01-ratb7g6fbyovtckfv3x9csy0kqm3etg6zr464mt3kc.png\" title=\"RESTAURANT_ABOUT_V01\" alt=\"RESTAURANT_ABOUT_V01\" loading=\"lazy\" \/>\t\t\t\t\t\t\t\t\t\t\t\t\t\t\t<\/div>\n\t\t\t\t<\/div>\n\t\t\t\t<div class=\"elementor-element elementor-element-50a395c elementor-widget elementor-widget-text-editor\" data-id=\"50a395c\" data-element_type=\"widget\" data-widget_type=\"text-editor.default\">\n\t\t\t\t<div class=\"elementor-widget-container\">\n\t\t\t\t\t\t\t\t\t<p>At K\u0150LEVES RESTAURANT we have been experimenting with new things for over 20 years in a way that keeps our family-like atmosphere and spirit of the place, and we continue to offer our favourite dishes and ingredients from one year to the next. On our menu you can find classical Hungarian dishes, but we give place to ideas inspired by French, Middle Eastern or Asian cuisine.<br \/><br \/>We are open to new ideas, but it is important for us to have traditional Jewish dishes on our menu like Cholent or the Matzo Ball Soup from every autumn to spring. With her unique ideas, our pastry chef has created some extraordinary desserts over the past few years.<\/p>\t\t\t\t\t\t\t\t<\/div>\n\t\t\t\t<\/div>\n\t\t\t\t<\/div>\n\t\t<div class=\"elementor-element elementor-element-6b88788 e-con-full e-flex e-con e-child\" data-id=\"6b88788\" data-element_type=\"container\">\n\t\t\t\t<div class=\"elementor-element elementor-element-54af242 elementor-hidden-tablet elementor-hidden-mobile hvr-float elementor-widget elementor-widget-image\" data-id=\"54af242\" data-element_type=\"widget\" data-widget_type=\"image.default\">\n\t\t\t\t<div class=\"elementor-widget-container\">\n\t\t\t\t\t\t\t\t\t\t\t\t\t\t\t<img decoding=\"async\" src=\"https:\/\/kolevesvendeglo.hu\/wp-content\/uploads\/elementor\/thumbs\/RESTAURANT_ABOUT_V01-ratb7g6fbyovtckfv3x9csy0kqm3etg6zr464mt3kc.png\" title=\"RESTAURANT_ABOUT_V01\" alt=\"RESTAURANT_ABOUT_V01\" loading=\"lazy\" \/>\t\t\t\t\t\t\t\t\t\t\t\t\t\t\t<\/div>\n\t\t\t\t<\/div>\n\t\t\t\t<\/div>\n\t\t\t\t\t<\/div>\n\t\t\t\t<\/div>\n\t\t<div class=\"elementor-element elementor-element-8c34f89 e-flex e-con-boxed e-con e-parent\" data-id=\"8c34f89\" data-element_type=\"container\" data-settings=\"{&quot;background_background&quot;:&quot;classic&quot;}\">\n\t\t\t\t\t<div class=\"e-con-inner\">\n\t\t<div class=\"elementor-element elementor-element-7590a10 e-flex e-con-boxed e-con e-child\" data-id=\"7590a10\" data-element_type=\"container\">\n\t\t\t\t\t<div class=\"e-con-inner\">\n\t\t\t\t<div class=\"elementor-element elementor-element-afd719f elementor-widget elementor-widget-html\" data-id=\"afd719f\" data-element_type=\"widget\" data-widget_type=\"html.default\">\n\t\t\t\t<div class=\"elementor-widget-container\">\n\t\t\t\t\t<a href=\"\/en\/alacarte\/\" class=\"restaurant_drinks_ala hvr-float\">A LA CARTE<\/a>\n\t\t\t\t<\/div>\n\t\t\t\t<\/div>\n\t\t\t\t<div class=\"elementor-element elementor-element-4094978 elementor-widget elementor-widget-html\" data-id=\"4094978\" data-element_type=\"widget\" data-widget_type=\"html.default\">\n\t\t\t\t<div class=\"elementor-widget-container\">\n\t\t\t\t\t<a href=\"\/en\/drinks\/\" class=\"restaurant_drinks hvr-float\">DRINK LIST<\/a>\n\t\t\t\t<\/div>\n\t\t\t\t<\/div>\n\t\t\t\t\t<\/div>\n\t\t\t\t<\/div>\n\t\t\t\t\t<\/div>\n\t\t\t\t<\/div>\n\t\t<div class=\"elementor-element elementor-element-9fc8066 e-flex e-con-boxed e-con e-parent\" data-id=\"9fc8066\" data-element_type=\"container\" data-settings=\"{&quot;background_background&quot;:&quot;classic&quot;}\">\n\t\t\t\t\t<div class=\"e-con-inner\">\n\t\t\t\t<div class=\"elementor-element elementor-element-b2352e5 elementor-widget elementor-widget-html\" data-id=\"b2352e5\" data-element_type=\"widget\" data-widget_type=\"html.default\">\n\t\t\t\t<div class=\"elementor-widget-container\">\n\t\t\t\t\t<a href=\"\/en\/lunch_menu\/\" class=\"restaurant_lunch hvr-float\">LUNCH<br>MENU<\/a>\n\t\t\t\t<\/div>\n\t\t\t\t<\/div>\n\t\t\t\t\t<\/div>\n\t\t\t\t<\/div>\n\t\t<div class=\"elementor-element elementor-element-12fade3 e-flex e-con-boxed e-con e-parent\" data-id=\"12fade3\" data-element_type=\"container\" data-settings=\"{&quot;background_background&quot;:&quot;classic&quot;}\">\n\t\t\t\t\t<div class=\"e-con-inner\">\n\t\t\t\t<div class=\"elementor-element elementor-element-538c5e7 elementor-widget elementor-widget-html\" data-id=\"538c5e7\" data-element_type=\"widget\" data-widget_type=\"html.default\">\n\t\t\t\t<div class=\"elementor-widget-container\">\n\t\t\t\t\t<div class=\"custom-overlap-gallery\">\n  <a href=\"\/wp-content\/uploads\/2025\/07\/BRZ_8395.jpg\" data-elementor-open-lightbox=\"yes\" data-elementor-lightbox-slideshow=\"mygallery\">\n    <img decoding=\"async\" src=\"\/wp-content\/uploads\/2025\/07\/BRZ_8395.jpg\" alt=\"Gal\u00e9ria k\u00e9p 1\" \/>\n  <\/a>\n  <a href=\"\/wp-content\/uploads\/2025\/07\/HGA_1659.jpg\" data-elementor-open-lightbox=\"yes\" data-elementor-lightbox-slideshow=\"mygallery\">\n    <img decoding=\"async\" src=\"\/wp-content\/uploads\/2025\/07\/HGA_1659.jpg\" alt=\"Gal\u00e9ria k\u00e9p 2\" \/>\n  <\/a>\n  <a href=\"\/wp-content\/uploads\/2025\/07\/HGA_2046.jpg\" data-elementor-open-lightbox=\"yes\" data-elementor-lightbox-slideshow=\"mygallery\">\n    <img decoding=\"async\" src=\"\/wp-content\/uploads\/2025\/07\/HGA_2046.jpg\" alt=\"Gal\u00e9ria k\u00e9p 3\" \/>\n  <\/a>\n<\/div>\t\t\t\t<\/div>\n\t\t\t\t<\/div>\n\t\t\t\t\t<\/div>\n\t\t\t\t<\/div>\n\t\t<div class=\"elementor-element elementor-element-2aeed83 e-flex e-con-boxed e-con e-parent\" data-id=\"2aeed83\" data-element_type=\"container\">\n\t\t\t\t\t<div class=\"e-con-inner\">\n\t\t<div class=\"elementor-element elementor-element-0d2b711 e-con-full e-flex e-con e-child\" data-id=\"0d2b711\" data-element_type=\"container\">\n\t\t\t\t<div class=\"elementor-element elementor-element-3aff1f3 heading_title medium elementor-widget elementor-widget-heading\" data-id=\"3aff1f3\" data-element_type=\"widget\" data-widget_type=\"heading.default\">\n\t\t\t\t<div class=\"elementor-widget-container\">\n\t\t\t\t\t<h2 class=\"elementor-heading-title elementor-size-default\">Voucher<\/h2>\t\t\t\t<\/div>\n\t\t\t\t<\/div>\n\t\t\t\t<div class=\"elementor-element elementor-element-27ab32d elementor-hidden-desktop hvr-float elementor-widget elementor-widget-image\" data-id=\"27ab32d\" data-element_type=\"widget\" data-widget_type=\"image.default\">\n\t\t\t\t<div class=\"elementor-widget-container\">\n\t\t\t\t\t\t\t\t\t\t\t\t\t\t\t<img decoding=\"async\" src=\"https:\/\/kolevesvendeglo.hu\/wp-content\/uploads\/elementor\/thumbs\/VOUCHER_MOCKUP_02-ratb7g6fbyovtckfv3x9csy0kqm3etg6zr464mt2gm.png\" title=\"VOUCHER_MOCKUP_02\" alt=\"VOUCHER_MOCKUP_02\" loading=\"lazy\" \/>\t\t\t\t\t\t\t\t\t\t\t\t\t\t\t<\/div>\n\t\t\t\t<\/div>\n\t\t\t\t<div class=\"elementor-element elementor-element-3aad071 elementor-widget elementor-widget-text-editor\" data-id=\"3aad071\" data-element_type=\"widget\" data-widget_type=\"text-editor.default\">\n\t\t\t\t<div class=\"elementor-widget-container\">\n\t\t\t\t\t\t\t\t\t<p>Giving is always a pleasure, and not only at Christmas or on other holidays. Spending time together is the most valuable thing, especially in good company and with delicious dishes. If you have no idea of what to give as a gift, come and have dinner at K\u0151leves together, and the rest is our responsibility. You can only buy K\u0150LEVES vouchers in person at our RESTAURANT; it is not possible online. They are valid for one year<\/p>\t\t\t\t\t\t\t\t<\/div>\n\t\t\t\t<\/div>\n\t\t\t\t<\/div>\n\t\t<div class=\"elementor-element elementor-element-7f13dad e-con-full e-flex e-con e-child\" data-id=\"7f13dad\" data-element_type=\"container\">\n\t\t\t\t<div class=\"elementor-element elementor-element-0becdd1 elementor-hidden-tablet elementor-hidden-mobile hvr-float elementor-widget elementor-widget-image\" data-id=\"0becdd1\" data-element_type=\"widget\" data-widget_type=\"image.default\">\n\t\t\t\t<div class=\"elementor-widget-container\">\n\t\t\t\t\t\t\t\t\t\t\t\t\t\t\t<img decoding=\"async\" src=\"https:\/\/kolevesvendeglo.hu\/wp-content\/uploads\/elementor\/thumbs\/VOUCHER_MOCKUP_02-ratb7g6fbyovtckfv3x9csy0kqm3etg6zr464mt2gm.png\" title=\"VOUCHER_MOCKUP_02\" alt=\"VOUCHER_MOCKUP_02\" loading=\"lazy\" \/>\t\t\t\t\t\t\t\t\t\t\t\t\t\t\t<\/div>\n\t\t\t\t<\/div>\n\t\t\t\t<\/div>\n\t\t\t\t\t<\/div>\n\t\t\t\t<\/div>\n\t\t\t\t<\/div>","protected":false},"excerpt":{"rendered":"<p>K\u0151leves Vend\u00e9gl\u0151 A K\u0150LEVESBEN 20 \u00e9ve t\u00f6reksz\u00fcnk \u00faj dolgokat kipr\u00f3b\u00e1lni, \u00fagy, hogy a csal\u00e1dias hangulatot, a hely szellem\u00e9t \u00e9s kedvenc \u00e9teleinket, alapanyagainkat \u00e9vr\u0151l \u00e9vre meg\u0151rizz\u00fck. \u00c9tlapunkon a klasszikus magyar fog\u00e1sok mellett kiemelt helyet kapnak a francia, k\u00f6zel-keleti \u00e9s \u00e1zsiai konyha legjav\u00e1b\u00f3l mer\u00edtett \u00f6tletek is. Szeret\u00fcnk&#8230;<\/p>","protected":false},"author":1,"featured_media":0,"parent":0,"menu_order":0,"comment_status":"closed","ping_status":"closed","template":"full_width.php","meta":{"footnotes":""},"class_list":["post-2055","page","type-page","status-publish","hentry"],"_links":{"self":[{"href":"https:\/\/kolevesvendeglo.hu\/en\/wp-json\/wp\/v2\/pages\/2055","targetHints":{"allow":["GET"]}}],"collection":[{"href":"https:\/\/kolevesvendeglo.hu\/en\/wp-json\/wp\/v2\/pages"}],"about":[{"href":"https:\/\/kolevesvendeglo.hu\/en\/wp-json\/wp\/v2\/types\/page"}],"author":[{"embeddable":true,"href":"https:\/\/kolevesvendeglo.hu\/en\/wp-json\/wp\/v2\/users\/1"}],"replies":[{"embeddable":true,"href":"https:\/\/kolevesvendeglo.hu\/en\/wp-json\/wp\/v2\/comments?post=2055"}],"version-history":[{"count":467,"href":"https:\/\/kolevesvendeglo.hu\/en\/wp-json\/wp\/v2\/pages\/2055\/revisions"}],"predecessor-version":[{"id":8901,"href":"https:\/\/kolevesvendeglo.hu\/en\/wp-json\/wp\/v2\/pages\/2055\/revisions\/8901"}],"wp:attachment":[{"href":"https:\/\/kolevesvendeglo.hu\/en\/wp-json\/wp\/v2\/media?parent=2055"}],"curies":[{"name":"wp","href":"https:\/\/api.w.org\/{rel}","templated":true}]}}