{"id":2120,"date":"2025-05-10T12:02:54","date_gmt":"2025-05-10T12:02:54","guid":{"rendered":"https:\/\/kolevesvendeglo.hu\/?page_id=2120"},"modified":"2025-08-26T16:35:14","modified_gmt":"2025-08-26T14:35:14","slug":"garden","status":"publish","type":"page","link":"https:\/\/kolevesvendeglo.hu\/en\/garden\/","title":{"rendered":"GARDEN"},"content":{"rendered":"<div data-elementor-type=\"wp-page\" data-elementor-id=\"2120\" class=\"elementor elementor-2120\">\n\t\t\t\t\t\t<section class=\"elementor-section elementor-top-section elementor-element elementor-element-c473bfc elementor-section-full_width elementor-section-height-default elementor-section-height-default parallax_section_no qode_elementor_container_no qode-content-aligment-left\" data-id=\"c473bfc\" data-element_type=\"section\">\n\t\t\t\t\t\t<div class=\"elementor-container elementor-column-gap-no\">\n\t\t\t\t\t<div class=\"elementor-column elementor-col-100 elementor-top-column elementor-element elementor-element-9e1f98d\" data-id=\"9e1f98d\" data-element_type=\"column\">\n\t\t\t<div class=\"elementor-widget-wrap elementor-element-populated\">\n\t\t\t\t\t\t<div class=\"elementor-element elementor-element-b45d56a elementor-widget elementor-widget-slider_revolution\" data-id=\"b45d56a\" data-element_type=\"widget\" data-widget_type=\"slider_revolution.default\">\n\t\t\t\t<div class=\"elementor-widget-container\">\n\t\t\t\t\t\n\t\t<div class=\"wp-block-themepunch-revslider\">\n\t\t\t\t<p class=\"rs-p-wp-fix\"><\/p>\n\t\t\t\t<sr7-module data-alias=\"restaurant-1\" data-id=\"7\" id=\"SR7_7_1\" class=\"rs-ov-hidden\" data-version=\"6.7.29\">\n\t\t\t\t\t<sr7-adjuster><\/sr7-adjuster>\n\t\t\t\t\t<sr7-content>\n\t\t\t\t\t\t<sr7-slide id=\"SR7_7_1-5\" data-key=\"5\">\n\t\t\t\t\t\t\t<sr7-bg id=\"SR7_7_1-5-6\" class=\"sr7-layer\"><noscript><img decoding=\"async\" src=\"https:\/\/kolevesvendeglo.hu\/wp-content\/uploads\/2025\/07\/KERT_V02.jpg\" alt=\"\" title=\"KERT_V02\"><\/noscript><\/sr7-bg>\n\t\t\t\t\t\t<\/sr7-slide>\n\t\t\t\t\t\t<sr7-slide id=\"SR7_7_1-14\" data-key=\"14\">\n\t\t\t\t\t\t<\/sr7-slide>\n\t\t\t\t\t<\/sr7-content>\n\t\t\t\t\t<image_lists style=\"display:none\">\n\t\t\t\t\t\t<img data-src=\"\/\/kolevesvendeglo.hu\/wp-content\/uploads\/2025\/05\/LOGO_GARDEN_ENG_V1-scaled.png\" data-libid=\"2160\" data-lib=\"medialibrary\" title=\"LOGO_GARDEN_ENG_V1\" width=\"0\" height=\"0\" data-dbsrc=\"Ly9rb2xldmVzdmVuZGVnbG8uaHUvd3AtY29udGVudC91cGxvYWRzLzIwMjUvMDUvTE9HT19HQVJERU5fRU5HX1YxLXNjYWxlZC5wbmc=\"\/>\n\t\t\t\t\t\t<img data-src=\"\/\/kolevesvendeglo.hu\/wp-content\/uploads\/2025\/07\/LOGO_GARDEN_HUN_V1.png\" data-libid=\"7811\" data-lib=\"medialibrary\" title=\"LOGO_GARDEN_HUN_V1\" width=\"0\" height=\"0\" data-dbsrc=\"Ly9rb2xldmVzdmVuZGVnbG8uaHUvd3AtY29udGVudC91cGxvYWRzLzIwMjUvMDcvTE9HT19HQVJERU5fSFVOX1YxLnBuZw==\"\/>\n\t\t\t\t\t\t<img data-src=\"\/\/kolevesvendeglo.hu\/wp-content\/uploads\/2025\/05\/CROP_GARDEN_DESKTOP_V1@4x-scaled.png\" data-libid=\"2123\" data-lib=\"medialibrary\" title=\"CROP_GARDEN_DESKTOP_V1@4x\" width=\"0\" height=\"0\" data-dbsrc=\"Ly9rb2xldmVzdmVuZGVnbG8uaHUvd3AtY29udGVudC91cGxvYWRzLzIwMjUvMDUvQ1JPUF9HQVJERU5fREVTS1RPUF9WMUA0eC1zY2FsZWQucG5n\"\/>\n\t\t\t\t\t\t<img loading=\"lazy\" data-src=\"\/\/kolevesvendeglo.hu\/wp-content\/uploads\/2025\/05\/CROP_GARDEN_MOBIL_V1@4x.png\" data-libid=\"2122\" data-lib=\"medialibrary\" title=\"CROP_GARDEN_MOBIL_V1@4x\" width=\"0\" height=\"0\" data-dbsrc=\"Ly9rb2xldmVzdmVuZGVnbG8uaHUvd3AtY29udGVudC91cGxvYWRzLzIwMjUvMDUvQ1JPUF9HQVJERU5fTU9CSUxfVjFANHgucG5n\"\/>\n\t\t\t\t\t\t<img loading=\"lazy\" data-src=\"\/\/kolevesvendeglo.hu\/wp-content\/uploads\/2025\/07\/MOBILE_LOGO_GARDEN_ENG_V1.png\" data-libid=\"7812\" data-lib=\"medialibrary\" title=\"MOBILE_LOGO_GARDEN_ENG_V1\" width=\"0\" height=\"0\" data-dbsrc=\"Ly9rb2xldmVzdmVuZGVnbG8uaHUvd3AtY29udGVudC91cGxvYWRzLzIwMjUvMDcvTU9CSUxFX0xPR09fR0FSREVOX0VOR19WMS5wbmc=\"\/>\n\t\t\t\t\t\t<img loading=\"lazy\" data-src=\"\/\/kolevesvendeglo.hu\/wp-content\/uploads\/2025\/06\/MOBILE_LOGO_GARDEN_HUN_V1.png\" data-libid=\"4231\" data-lib=\"medialibrary\" title=\"MOBILE_LOGO_GARDEN_HUN_V1\" width=\"0\" height=\"0\" data-dbsrc=\"Ly9rb2xldmVzdmVuZGVnbG8uaHUvd3AtY29udGVudC91cGxvYWRzLzIwMjUvMDYvTU9CSUxFX0xPR09fR0FSREVOX0hVTl9WMS5wbmc=\"\/>\n\t\t\t\t\t\t<img loading=\"lazy\" data-src=\"\/\/kolevesvendeglo.hu\/wp-content\/uploads\/2025\/07\/KERT_V02.jpg\" data-libid=\"8225\" data-lib=\"medialibrary\" title=\"KERT_V02\" width=\"0\" height=\"0\" data-dbsrc=\"Ly9rb2xldmVzdmVuZGVnbG8uaHUvd3AtY29udGVudC91cGxvYWRzLzIwMjUvMDcvS0VSVF9WMDIuanBn\"\/>\n\t\t\t\t\t<\/image_lists>\n\t\t\t\t<\/sr7-module>\n\t\t\t\t<script>\n\t\t\t\t\tSR7.PMH ??={}; SR7.PMH[\"SR7_7_1\"] = {cn:100,state:false,fn: function() { if (_tpt!==undefined && _tpt.prepareModuleHeight !== undefined) {  _tpt.prepareModuleHeight({id:\"SR7_7_1\",el:[1441,1441,768,960,720],type:'standard',shdw:'0',gh:[1441,1441,768,960,720],gw:[2560,2560,1024,778,480],vpt:['-100px&#039;,&#039;-100px&#039;,&#039;-100px&#039;,&#039;-100px&#039;,&#039;-100px'],size:{fullWidth:true, fullHeight:true},fho:'',mh:'0',onh:0,onw:0,bg:{color:'{\"type\":\"solid\",\"orig\":\"#b6b771\",\"string\":\"rgba(182, 183, 113, 1)\"}'}});   SR7.PMH[\"SR7_7_1\"].state=true;} else if(SR7.PMH[\"SR7_7_1\"].cn-->0)\tsetTimeout( SR7.PMH[\"SR7_7_1\"].fn,19);}};SR7.PMH[\"SR7_7_1\" ].fn();\n\t\t\t\t<\/script>\n<\/div>\n\n\t\t\t\t\t\t<\/div>\n\t\t\t\t<\/div>\n\t\t\t\t\t<\/div>\n\t\t<\/div>\n\t\t\t\t\t<\/div>\n\t\t<\/section>\n\t\t<div class=\"elementor-element elementor-element-06a5ecf e-flex e-con-boxed e-con e-parent\" data-id=\"06a5ecf\" data-element_type=\"container\">\n\t\t\t\t\t<div class=\"e-con-inner\">\n\t\t<div class=\"elementor-element elementor-element-c6273fd e-con-full e-flex e-con e-child\" data-id=\"c6273fd\" data-element_type=\"container\">\n\t\t\t\t<div class=\"elementor-element elementor-element-72e9458 heading_title elementor-widget elementor-widget-heading\" data-id=\"72e9458\" data-element_type=\"widget\" data-widget_type=\"heading.default\">\n\t\t\t\t<div class=\"elementor-widget-container\">\n\t\t\t\t\t<h2 class=\"elementor-heading-title elementor-size-default\">K\u0151leves Garden<\/h2>\t\t\t\t<\/div>\n\t\t\t\t<\/div>\n\t\t\t\t<div class=\"elementor-element elementor-element-670d8fc elementor-hidden-desktop hvr-float elementor-widget elementor-widget-image\" data-id=\"670d8fc\" data-element_type=\"widget\" data-widget_type=\"image.default\">\n\t\t\t\t<div class=\"elementor-widget-container\">\n\t\t\t\t\t\t\t\t\t\t\t\t\t\t\t<img loading=\"lazy\" decoding=\"async\" width=\"1138\" height=\"1197\" src=\"https:\/\/kolevesvendeglo.hu\/wp-content\/uploads\/2025\/07\/GARDEN_ABOUT_V01.png\" class=\"attachment-large size-large wp-image-8196\" alt=\"\" srcset=\"https:\/\/kolevesvendeglo.hu\/wp-content\/uploads\/2025\/07\/GARDEN_ABOUT_V01.png 1138w, https:\/\/kolevesvendeglo.hu\/wp-content\/uploads\/2025\/07\/GARDEN_ABOUT_V01-285x300.png 285w, https:\/\/kolevesvendeglo.hu\/wp-content\/uploads\/2025\/07\/GARDEN_ABOUT_V01-768x808.png 768w, https:\/\/kolevesvendeglo.hu\/wp-content\/uploads\/2025\/07\/GARDEN_ABOUT_V01-11x12.png 11w, https:\/\/kolevesvendeglo.hu\/wp-content\/uploads\/2025\/07\/GARDEN_ABOUT_V01-700x736.png 700w, https:\/\/kolevesvendeglo.hu\/wp-content\/uploads\/2025\/07\/GARDEN_ABOUT_V01-1100x1157.png 1100w\" sizes=\"(max-width: 1138px) 100vw, 1138px\" \/>\t\t\t\t\t\t\t\t\t\t\t\t\t\t\t<\/div>\n\t\t\t\t<\/div>\n\t\t\t\t<div class=\"elementor-element elementor-element-edf3d26 elementor-widget elementor-widget-text-editor\" data-id=\"edf3d26\" data-element_type=\"widget\" data-widget_type=\"text-editor.default\">\n\t\t\t\t<div class=\"elementor-widget-container\">\n\t\t\t\t\t\t\t\t\t<p>The founding of K\u0150LEVES GARDEN was inspired by a legendary beer garden in Budapest called R\u00e1ckert (1997\u20132004), where we often went and loved it. Our first season was in the Summer of 2009. Originally, the owners of the garden did not promise too many seasons, but in fact we have been able to open every Spring since then.<br \/><br \/><\/p><p>Our garden is a real open-air beer garden and a meeting point for all types of people in Budapest, not to be confused with our restaurant and its patio. We sell good quality beer, wines and other drinks together with K\u0151leves-style simple yet delicious bar food from the small kitchen in the garden, where the dishes are different from those in the restaurant.<br \/><br \/><\/p><p>K\u0150LEVES GARDEN is a real oasis in the middle of the city, with large trees, plenty of shade and kind people are expecting you from end of April till the beginning of October.<\/p>\t\t\t\t\t\t\t\t<\/div>\n\t\t\t\t<\/div>\n\t\t\t\t<\/div>\n\t\t<div class=\"elementor-element elementor-element-4545da5 e-con-full e-flex e-con e-child\" data-id=\"4545da5\" data-element_type=\"container\">\n\t\t\t\t<div class=\"elementor-element elementor-element-c3701f4 elementor-hidden-tablet elementor-hidden-mobile hvr-float elementor-widget elementor-widget-image\" data-id=\"c3701f4\" data-element_type=\"widget\" data-widget_type=\"image.default\">\n\t\t\t\t<div class=\"elementor-widget-container\">\n\t\t\t\t\t\t\t\t\t\t\t\t\t\t\t<img loading=\"lazy\" decoding=\"async\" width=\"1138\" height=\"1197\" src=\"https:\/\/kolevesvendeglo.hu\/wp-content\/uploads\/2025\/07\/GARDEN_ABOUT_V01.png\" class=\"attachment-large size-large wp-image-8196\" alt=\"\" srcset=\"https:\/\/kolevesvendeglo.hu\/wp-content\/uploads\/2025\/07\/GARDEN_ABOUT_V01.png 1138w, https:\/\/kolevesvendeglo.hu\/wp-content\/uploads\/2025\/07\/GARDEN_ABOUT_V01-285x300.png 285w, https:\/\/kolevesvendeglo.hu\/wp-content\/uploads\/2025\/07\/GARDEN_ABOUT_V01-768x808.png 768w, https:\/\/kolevesvendeglo.hu\/wp-content\/uploads\/2025\/07\/GARDEN_ABOUT_V01-11x12.png 11w, https:\/\/kolevesvendeglo.hu\/wp-content\/uploads\/2025\/07\/GARDEN_ABOUT_V01-700x736.png 700w, https:\/\/kolevesvendeglo.hu\/wp-content\/uploads\/2025\/07\/GARDEN_ABOUT_V01-1100x1157.png 1100w\" sizes=\"(max-width: 1138px) 100vw, 1138px\" \/>\t\t\t\t\t\t\t\t\t\t\t\t\t\t\t<\/div>\n\t\t\t\t<\/div>\n\t\t\t\t<\/div>\n\t\t\t\t\t<\/div>\n\t\t\t\t<\/div>\n\t\t<div class=\"elementor-element elementor-element-8a047e5 e-flex e-con-boxed e-con e-parent\" data-id=\"8a047e5\" data-element_type=\"container\" data-settings=\"{&quot;background_background&quot;:&quot;classic&quot;}\">\n\t\t\t\t\t<div class=\"e-con-inner\">\n\t\t<div class=\"elementor-element elementor-element-626181c e-flex e-con-boxed e-con e-child\" data-id=\"626181c\" data-element_type=\"container\">\n\t\t\t\t\t<div class=\"e-con-inner\">\n\t\t\t\t<div class=\"elementor-element elementor-element-434be3a elementor-widget elementor-widget-html\" data-id=\"434be3a\" data-element_type=\"widget\" data-widget_type=\"html.default\">\n\t\t\t\t<div class=\"elementor-widget-container\">\n\t\t\t\t\t<a href=\"\/en\/drinklist\/\" class=\"garden_button_bar hvr-float\">DRINKS<\/a>\n\t\t\t\t<\/div>\n\t\t\t\t<\/div>\n\t\t\t\t<div class=\"elementor-element elementor-element-d65d782 elementor-widget elementor-widget-html\" data-id=\"d65d782\" data-element_type=\"widget\" data-widget_type=\"html.default\">\n\t\t\t\t<div class=\"elementor-widget-container\">\n\t\t\t\t\t<a href=\"\/en\/bar_food\/\" class=\"garden_button_bar hvr-float\">BAR FOOD<\/a>\n\t\t\t\t<\/div>\n\t\t\t\t<\/div>\n\t\t\t\t\t<\/div>\n\t\t\t\t<\/div>\n\t\t\t\t\t<\/div>\n\t\t\t\t<\/div>\n\t\t<div class=\"elementor-element elementor-element-412a977 e-flex e-con-boxed e-con e-parent\" data-id=\"412a977\" data-element_type=\"container\" data-settings=\"{&quot;background_background&quot;:&quot;classic&quot;}\">\n\t\t\t\t\t<div class=\"e-con-inner\">\n\t\t\t\t<div class=\"elementor-element elementor-element-84b6170 elementor-widget elementor-widget-html\" data-id=\"84b6170\" data-element_type=\"widget\" data-widget_type=\"html.default\">\n\t\t\t\t<div class=\"elementor-widget-container\">\n\t\t\t\t\t<div class=\"custom-overlap-gallery\">\n  <!-- L\u00e1that\u00f3 k\u00e9pek (ezek jelennek meg az oldalon) -->\n  <a href=\"\/wp-content\/uploads\/2025\/07\/HGA_2426.jpg\" \n     data-elementor-open-lightbox=\"yes\" \n     data-elementor-lightbox-slideshow=\"mygallery\">\n    <img decoding=\"async\" src=\"\/wp-content\/uploads\/2025\/07\/HGA_2426.jpg\" class=\"img-1\" alt=\"\" \/>\n  <\/a>\n  <a href=\"\/wp-content\/uploads\/2025\/07\/BRZ_8617.jpg\" \n     data-elementor-open-lightbox=\"yes\" \n     data-elementor-lightbox-slideshow=\"mygallery\">\n    <img decoding=\"async\" src=\"\/wp-content\/uploads\/2025\/07\/BRZ_8617.jpg\" class=\"img-2\" alt=\"\" \/>\n  <\/a>\n  <a href=\"\/wp-content\/uploads\/2025\/07\/BRZ_8539.jpg\" \n     data-elementor-open-lightbox=\"yes\" \n     data-elementor-lightbox-slideshow=\"mygallery\">\n    <img decoding=\"async\" src=\"\/wp-content\/uploads\/2025\/07\/BRZ_8539.jpg\" class=\"img-3\" alt=\"\" \/>\n  <\/a>\n  <!-- Rejtett k\u00e9pek (csak lightbox-ban jelennek meg) \n  <a href=\"\" \n     data-elementor-open-lightbox=\"yes\" \n     data-elementor-lightbox-slideshow=\"mygallery\" \n     style=\"display: none;\">\n  <\/a>\n  <a href=\"\" \n     data-elementor-open-lightbox=\"yes\" \n     data-elementor-lightbox-slideshow=\"mygallery\" \n     style=\"display: none;\">\n  <\/a>\n  <a href=\"\" \n     data-elementor-open-lightbox=\"yes\" \n     data-elementor-lightbox-slideshow=\"mygallery\" \n     style=\"display: none;\">\n  <\/a> -->\n<\/div>\t\t\t\t<\/div>\n\t\t\t\t<\/div>\n\t\t\t\t\t<\/div>\n\t\t\t\t<\/div>\n\t\t<div class=\"elementor-element elementor-element-0b3b917 e-flex e-con-boxed e-con e-parent\" data-id=\"0b3b917\" data-element_type=\"container\" data-settings=\"{&quot;background_background&quot;:&quot;classic&quot;}\">\n\t\t\t\t\t<div class=\"e-con-inner\">\n\t\t<div class=\"elementor-element elementor-element-da1a278 e-flex e-con-boxed e-con e-child\" data-id=\"da1a278\" data-element_type=\"container\" data-settings=\"{&quot;background_background&quot;:&quot;classic&quot;}\">\n\t\t\t\t\t<div class=\"e-con-inner\">\n\t\t\t\t<div class=\"elementor-element elementor-element-5408bad hvr-float elementor-widget elementor-widget-image\" data-id=\"5408bad\" data-element_type=\"widget\" data-widget_type=\"image.default\">\n\t\t\t\t<div class=\"elementor-widget-container\">\n\t\t\t\t\t\t\t\t\t\t\t\t\t\t\t<img loading=\"lazy\" decoding=\"async\" width=\"300\" height=\"202\" src=\"https:\/\/kolevesvendeglo.hu\/wp-content\/uploads\/2025\/07\/kert_galamb_aljara_v01-300x202.png\" class=\"attachment-medium size-medium wp-image-8197\" alt=\"\" srcset=\"https:\/\/kolevesvendeglo.hu\/wp-content\/uploads\/2025\/07\/kert_galamb_aljara_v01-300x202.png 300w, https:\/\/kolevesvendeglo.hu\/wp-content\/uploads\/2025\/07\/kert_galamb_aljara_v01-768x518.png 768w, https:\/\/kolevesvendeglo.hu\/wp-content\/uploads\/2025\/07\/kert_galamb_aljara_v01-18x12.png 18w, https:\/\/kolevesvendeglo.hu\/wp-content\/uploads\/2025\/07\/kert_galamb_aljara_v01-700x472.png 700w, https:\/\/kolevesvendeglo.hu\/wp-content\/uploads\/2025\/07\/kert_galamb_aljara_v01.png 809w\" sizes=\"(max-width: 300px) 100vw, 300px\" \/>\t\t\t\t\t\t\t\t\t\t\t\t\t\t\t<\/div>\n\t\t\t\t<\/div>\n\t\t\t\t\t<\/div>\n\t\t\t\t<\/div>\n\t\t\t\t\t<\/div>\n\t\t\t\t<\/div>\n\t\t\t\t<\/div>","protected":false},"excerpt":{"rendered":"<p>K\u0151leves Kert A K\u0150LEVES KERT l\u00e9trehoz\u00e1s\u00e1t a legend\u00e1s R\u00e1ckert (1997-2004) ihlette, ahov\u00e1 mi is sokat j\u00e1rtunk \u00e9s nagyon szerett\u00fck. A K\u0150LEVES KERT els\u0151 szezonja 2009-ben volt \u00e9s akkor \u00fagy volt, hogy csak n\u00e9h\u00e1ny szezon lesz bel\u0151le, de szerencs\u00e9re mindig lehetett folytatni \u00e9s minden ny\u00e1ron megnyitottunk&#8230;.<\/p>","protected":false},"author":1,"featured_media":0,"parent":0,"menu_order":0,"comment_status":"closed","ping_status":"closed","template":"full_width.php","meta":{"footnotes":""},"class_list":["post-2120","page","type-page","status-publish","hentry"],"_links":{"self":[{"href":"https:\/\/kolevesvendeglo.hu\/en\/wp-json\/wp\/v2\/pages\/2120","targetHints":{"allow":["GET"]}}],"collection":[{"href":"https:\/\/kolevesvendeglo.hu\/en\/wp-json\/wp\/v2\/pages"}],"about":[{"href":"https:\/\/kolevesvendeglo.hu\/en\/wp-json\/wp\/v2\/types\/page"}],"author":[{"embeddable":true,"href":"https:\/\/kolevesvendeglo.hu\/en\/wp-json\/wp\/v2\/users\/1"}],"replies":[{"embeddable":true,"href":"https:\/\/kolevesvendeglo.hu\/en\/wp-json\/wp\/v2\/comments?post=2120"}],"version-history":[{"count":326,"href":"https:\/\/kolevesvendeglo.hu\/en\/wp-json\/wp\/v2\/pages\/2120\/revisions"}],"predecessor-version":[{"id":8898,"href":"https:\/\/kolevesvendeglo.hu\/en\/wp-json\/wp\/v2\/pages\/2120\/revisions\/8898"}],"wp:attachment":[{"href":"https:\/\/kolevesvendeglo.hu\/en\/wp-json\/wp\/v2\/media?parent=2120"}],"curies":[{"name":"wp","href":"https:\/\/api.w.org\/{rel}","templated":true}]}}