{"id":9,"date":"2025-05-04T07:47:06","date_gmt":"2025-05-04T07:47:06","guid":{"rendered":"https:\/\/kolevesvendeglo.hu\/?page_id=9"},"modified":"2025-08-26T16:35:24","modified_gmt":"2025-08-26T14:35:24","slug":"contact","status":"publish","type":"page","link":"https:\/\/kolevesvendeglo.hu\/en\/contact\/","title":{"rendered":"CONTACT"},"content":{"rendered":"<div data-elementor-type=\"wp-post\" data-elementor-id=\"9\" class=\"elementor elementor-9\">\n\t\t\t\t<div class=\"elementor-element elementor-element-4c6f732 e-con-full e-flex e-con e-parent\" data-id=\"4c6f732\" data-element_type=\"container\" data-settings=\"{&quot;background_background&quot;:&quot;classic&quot;}\">\n\t\t<div class=\"elementor-element elementor-element-f5c7b18 e-flex e-con-boxed e-con e-child\" data-id=\"f5c7b18\" data-element_type=\"container\">\n\t\t\t\t\t<div class=\"e-con-inner\">\n\t\t<div class=\"elementor-element elementor-element-6d5ce31 e-con-full e-flex e-con e-child\" data-id=\"6d5ce31\" data-element_type=\"container\">\n\t\t<div class=\"elementor-element elementor-element-af8af0a e-con-full garden_open e-flex e-con e-child\" data-id=\"af8af0a\" data-element_type=\"container\">\n\t\t\t\t<div class=\"elementor-element elementor-element-187ecfa contact_shortcode_text elementor-widget elementor-widget-shortcode\" data-id=\"187ecfa\" data-element_type=\"widget\" data-widget_type=\"shortcode.default\">\n\t\t\t\t<div class=\"elementor-widget-container\">\n\t\t\t\t\t\t\t<div class=\"elementor-shortcode\"><div class=\"qode_column column3 qodef-footer-top-column-3\" style=\"min-height: 230px;\"><div class=\"column_inner\"><ul class=\"footer-widgets-tree\"><div id=\"text-8\" class=\"widget widget_text\"><h4>Budapest<\/h4>\t\t\t<div class=\"textwidget\"><p>1075 Kazinczy utca 37-41.<\/p>\n<\/div>\n\t\t<\/div><div id=\"text-5\" class=\"widget widget_text\"><h4>PHONE<\/h4>\t\t\t<div class=\"textwidget\"><p><a href=\"tel:+36202135999\">+3620 213 5999<\/a><\/p>\n<\/div>\n\t\t<\/div><div id=\"block-8\" class=\"widget widget_block\">\n<ul class=\"wp-block-social-links alignright is-horizontal is-content-justification-space-between is-nowrap is-layout-flex wp-container-core-social-links-is-layout-044bd602 wp-block-social-links-is-layout-flex\"><li class=\"wp-social-link wp-social-link-facebook  hvr-float-shadow wp-block-social-link\"><a rel=\"noopener nofollow\" target=\"_blank\" href=\"https:\/\/www.facebook.com\/Koleves\" class=\"wp-block-social-link-anchor\"><svg width=\"24\" height=\"24\" viewbox=\"0 0 24 24\" version=\"1.1\" xmlns=\"http:\/\/www.w3.org\/2000\/svg\" aria-hidden=\"true\" focusable=\"false\"><path d=\"M12 2C6.5 2 2 6.5 2 12c0 5 3.7 9.1 8.4 9.9v-7H7.9V12h2.5V9.8c0-2.5 1.5-3.9 3.8-3.9 1.1 0 2.2.2 2.2.2v2.5h-1.3c-1.2 0-1.6.8-1.6 1.6V12h2.8l-.4 2.9h-2.3v7C18.3 21.1 22 17 22 12c0-5.5-4.5-10-10-10z\"><\/path><\/svg><span class=\"wp-block-social-link-label screen-reader-text\">Facebook<\/span><\/a><\/li>\n\n<li class=\"wp-social-link wp-social-link-instagram  hvr-float-shadow wp-block-social-link\"><a rel=\"noopener nofollow\" target=\"_blank\" href=\"https:\/\/www.instagram.com\/koleves_vendeglo\/\" class=\"wp-block-social-link-anchor\"><svg width=\"24\" height=\"24\" viewbox=\"0 0 24 24\" version=\"1.1\" xmlns=\"http:\/\/www.w3.org\/2000\/svg\" aria-hidden=\"true\" focusable=\"false\"><path d=\"M12,4.622c2.403,0,2.688,0.009,3.637,0.052c0.877,0.04,1.354,0.187,1.671,0.31c0.42,0.163,0.72,0.358,1.035,0.673 c0.315,0.315,0.51,0.615,0.673,1.035c0.123,0.317,0.27,0.794,0.31,1.671c0.043,0.949,0.052,1.234,0.052,3.637 s-0.009,2.688-0.052,3.637c-0.04,0.877-0.187,1.354-0.31,1.671c-0.163,0.42-0.358,0.72-0.673,1.035 c-0.315,0.315-0.615,0.51-1.035,0.673c-0.317,0.123-0.794,0.27-1.671,0.31c-0.949,0.043-1.233,0.052-3.637,0.052 s-2.688-0.009-3.637-0.052c-0.877-0.04-1.354-0.187-1.671-0.31c-0.42-0.163-0.72-0.358-1.035-0.673 c-0.315-0.315-0.51-0.615-0.673-1.035c-0.123-0.317-0.27-0.794-0.31-1.671C4.631,14.688,4.622,14.403,4.622,12 s0.009-2.688,0.052-3.637c0.04-0.877,0.187-1.354,0.31-1.671c0.163-0.42,0.358-0.72,0.673-1.035 c0.315-0.315,0.615-0.51,1.035-0.673c0.317-0.123,0.794-0.27,1.671-0.31C9.312,4.631,9.597,4.622,12,4.622 M12,3 C9.556,3,9.249,3.01,8.289,3.054C7.331,3.098,6.677,3.25,6.105,3.472C5.513,3.702,5.011,4.01,4.511,4.511 c-0.5,0.5-0.808,1.002-1.038,1.594C3.25,6.677,3.098,7.331,3.054,8.289C3.01,9.249,3,9.556,3,12c0,2.444,0.01,2.751,0.054,3.711 c0.044,0.958,0.196,1.612,0.418,2.185c0.23,0.592,0.538,1.094,1.038,1.594c0.5,0.5,1.002,0.808,1.594,1.038 c0.572,0.222,1.227,0.375,2.185,0.418C9.249,20.99,9.556,21,12,21s2.751-0.01,3.711-0.054c0.958-0.044,1.612-0.196,2.185-0.418 c0.592-0.23,1.094-0.538,1.594-1.038c0.5-0.5,0.808-1.002,1.038-1.594c0.222-0.572,0.375-1.227,0.418-2.185 C20.99,14.751,21,14.444,21,12s-0.01-2.751-0.054-3.711c-0.044-0.958-0.196-1.612-0.418-2.185c-0.23-0.592-0.538-1.094-1.038-1.594 c-0.5-0.5-1.002-0.808-1.594-1.038c-0.572-0.222-1.227-0.375-2.185-0.418C14.751,3.01,14.444,3,12,3L12,3z M12,7.378 c-2.552,0-4.622,2.069-4.622,4.622S9.448,16.622,12,16.622s4.622-2.069,4.622-4.622S14.552,7.378,12,7.378z M12,15 c-1.657,0-3-1.343-3-3s1.343-3,3-3s3,1.343,3,3S13.657,15,12,15z M16.804,6.116c-0.596,0-1.08,0.484-1.08,1.08 s0.484,1.08,1.08,1.08c0.596,0,1.08-0.484,1.08-1.08S17.401,6.116,16.804,6.116z\"><\/path><\/svg><span class=\"wp-block-social-link-label screen-reader-text\">Instagram<\/span><\/a><\/li>\n\n<li class=\"wp-social-link wp-social-link-google  hvr-float-shadow wp-block-social-link\"><a rel=\"noopener nofollow\" target=\"_blank\" href=\"https:\/\/www.google.com\/search?q=k\u0151leves&#038;rlz=1C5CHFA_enHU1093HU1096&#038;oq=k\u0151leves&#038;gs_lcrp=EgZjaHJvbWUyBggAEEUYOTIVCAEQLhgnGK8BGMcBGIAEGIoFGI4FMgwIAhAjGCcYgAQYigUyBwgDEAAYgAQyBwgEEAAYgAQyBwgFEAAYgAQyBggGEEUYPDIGCAcQRRg90gEINDc5NGowajeoAgCwAgA&#038;sourceid=chrome&#038;ie=UTF-8\" class=\"wp-block-social-link-anchor\"><svg width=\"24\" height=\"24\" viewbox=\"0 0 24 24\" version=\"1.1\" xmlns=\"http:\/\/www.w3.org\/2000\/svg\" aria-hidden=\"true\" focusable=\"false\"><path d=\"M12.02,10.18v3.72v0.01h5.51c-0.26,1.57-1.67,4.22-5.5,4.22c-3.31,0-6.01-2.75-6.01-6.12s2.7-6.12,6.01-6.12 c1.87,0,3.13,0.8,3.85,1.48l2.84-2.76C16.99,2.99,14.73,2,12.03,2c-5.52,0-10,4.48-10,10s4.48,10,10,10c5.77,0,9.6-4.06,9.6-9.77 c0-0.83-0.11-1.42-0.25-2.05H12.02z\"><\/path><\/svg><span class=\"wp-block-social-link-label screen-reader-text\">Google<\/span><\/a><\/li><\/ul>\n<\/div><\/ul><\/div><\/div><\/div>\n\t\t\t\t\t\t<\/div>\n\t\t\t\t<\/div>\n\t\t\t\t<div class=\"elementor-element elementor-element-cdf7d5f elementor-widget elementor-widget-heading\" data-id=\"cdf7d5f\" data-element_type=\"widget\" data-widget_type=\"heading.default\">\n\t\t\t\t<div class=\"elementor-widget-container\">\n\t\t\t\t\t<h4 class=\"elementor-heading-title elementor-size-default\">OPENING HOURS<\/h4>\t\t\t\t<\/div>\n\t\t\t\t<\/div>\n\t\t\t\t<\/div>\n\t\t<div class=\"elementor-element elementor-element-887af42 e-con-full triggers triggers-container e-flex e-con e-child\" data-id=\"887af42\" data-element_type=\"container\">\n\t\t\t\t<div class=\"elementor-element elementor-element-b0c92db trigger-etterem elementor-widget elementor-widget-heading\" data-id=\"b0c92db\" data-element_type=\"widget\" data-widget_type=\"heading.default\">\n\t\t\t\t<div class=\"elementor-widget-container\">\n\t\t\t\t\t<h3 class=\"elementor-heading-title elementor-size-default\">RESTAURANT<\/h3>\t\t\t\t<\/div>\n\t\t\t\t<\/div>\n\t\t\t\t<div class=\"elementor-element elementor-element-d357cb3 trigger-kert elementor-widget elementor-widget-heading\" data-id=\"d357cb3\" data-element_type=\"widget\" data-widget_type=\"heading.default\">\n\t\t\t\t<div class=\"elementor-widget-container\">\n\t\t\t\t\t<h3 class=\"elementor-heading-title elementor-size-default\">GARDEN<\/h3>\t\t\t\t<\/div>\n\t\t\t\t<\/div>\n\t\t\t\t<\/div>\n\t\t<div class=\"elementor-element elementor-element-40dabd3 box-wrapper e-con-full e-flex e-con e-child\" data-id=\"40dabd3\" data-element_type=\"container\">\n\t\t\t\t<div class=\"elementor-element elementor-element-4bd9cf7 elementor-widget__width-initial box-kert elementor-widget-tablet__width-initial elementor-widget elementor-widget-cwh-working-hours\" data-id=\"4bd9cf7\" data-element_type=\"widget\" data-widget_type=\"cwh-working-hours.default\">\n\t\t\t\t<div class=\"elementor-widget-container\">\n\t\t\t\t\t<div class=\"qode-working-hours-widget\"><h4 class=\"widget-title\"><\/h4><div class=\"qode-working-hours-holder\"><div class=\"qode-wh-holder-inner\"><span class=\"qode-wh-item clearfix\"><span class=\"qode-wh-day\">monday<\/span> <span class=\"qode-wh-hours\"><span class=\"qode-wh-closed\">closed<\/span><\/span><\/span><span class=\"qode-wh-item clearfix\"><span class=\"qode-wh-day\">tuesday<\/span> <span class=\"qode-wh-hours\"><span class=\"qode-wh-closed\">closed<\/span><\/span><\/span><span class=\"qode-wh-item clearfix\"><span class=\"qode-wh-day\">wednesday<\/span> <span class=\"qode-wh-hours\"><span class=\"qode-wh-closed\">closed<\/span><\/span><\/span><span class=\"qode-wh-item clearfix\"><span class=\"qode-wh-day\">thursday<\/span> <span class=\"qode-wh-hours\"><span class=\"qode-wh-closed\">closed<\/span><\/span><\/span><span class=\"qode-wh-item clearfix\"><span class=\"qode-wh-day\">friday<\/span> <span class=\"qode-wh-hours\"><span class=\"qode-wh-closed\">closed<\/span><\/span><\/span><span class=\"qode-wh-item clearfix\"><span class=\"qode-wh-day\">saturday<\/span> <span class=\"qode-wh-hours\"><span class=\"qode-wh-closed\">closed<\/span><\/span><\/span><span class=\"qode-wh-item clearfix\"><span class=\"qode-wh-day\">sunday<\/span> <span class=\"qode-wh-hours\"><span class=\"qode-wh-closed\">closed<\/span><\/span><\/span><\/div><\/div><\/div>\t\t\t\t<\/div>\n\t\t\t\t<\/div>\n\t\t\t\t<div class=\"elementor-element elementor-element-b5b34d1 elementor-widget__width-initial box-etterem elementor-widget-tablet__width-initial elementor-widget elementor-widget-qode_working_hours\" data-id=\"b5b34d1\" data-element_type=\"widget\" data-widget_type=\"qode_working_hours.default\">\n\t\t\t\t<div class=\"elementor-widget-container\">\n\t\t\t\t\t<div class=\"qode-working-hours-holder\" >\n\t<div class=\"qode-wh-holder-inner\">\n\t\t\n\t\t\t\t\t\n\t\t\t\t\t\t\t\t\t\t\t\t\t\t\t\t\t\t<h6 class=\"qode-wh-item clearfix\" >\n\t\t\t\t\t\t\t<span class=\"qode-wh-day\">h\u00e9tf\u0151<\/span>&nbsp;\n\t\t\t\t\t\t\t\t\t\t\t\t\t\t\t<span class=\"qode-wh-hours\"><span class=\"qode-wh-closed\">z\u00e1rva<\/span><\/span>\n\t\t\t\t\t\t\t\t\t\t\t\t\t<\/h6>\n\t\t\t\t\t\t\t\t\t\t\t\t\t\t\t\t\t\t\t\t\t\t\t\t\t\t\t<h6 class=\"qode-wh-item clearfix\" >\n\t\t\t\t\t\t\t<span class=\"qode-wh-day\">kedd<\/span>&nbsp;\n\t\t\t\t\t\t\t\t\t\t\t\t\t\t\t<span class=\"qode-wh-hours\"><span class=\"qode-wh-from\">12:00<\/span>\t\t\t\t\t\t\t\t\t<span class=\"qode-wh-delimiter\"> - <\/span><span class=\"qode-wh-to\">22:00<\/span>\t\t\t\t\t\t\t\t<\/span>\n\t\t\t\t\t\t\t\t\t\t\t\t\t<\/h6>\n\t\t\t\t\t\t\t\t\t\t\t\t\t\t\t\t\t\t\t\t\t\t\t\t\t\t\t<h6 class=\"qode-wh-item clearfix\" >\n\t\t\t\t\t\t\t<span class=\"qode-wh-day\">szerda<\/span>&nbsp;\n\t\t\t\t\t\t\t\t\t\t\t\t\t\t\t<span class=\"qode-wh-hours\"><span class=\"qode-wh-from\">12:00<\/span>\t\t\t\t\t\t\t\t\t<span class=\"qode-wh-delimiter\"> - <\/span><span class=\"qode-wh-to\">22:00<\/span>\t\t\t\t\t\t\t\t<\/span>\n\t\t\t\t\t\t\t\t\t\t\t\t\t<\/h6>\n\t\t\t\t\t\t\t\t\t\t\t\t\t\t\t\t\t\t\t\t\t\t\t\t\t\t\t<h6 class=\"qode-wh-item clearfix\" >\n\t\t\t\t\t\t\t<span class=\"qode-wh-day\">cs\u00fct\u00f6rt\u00f6k<\/span>&nbsp;\n\t\t\t\t\t\t\t\t\t\t\t\t\t\t\t<span class=\"qode-wh-hours\"><span class=\"qode-wh-from\">12:00<\/span>\t\t\t\t\t\t\t\t\t<span class=\"qode-wh-delimiter\"> - <\/span><span class=\"qode-wh-to\">23:00<\/span>\t\t\t\t\t\t\t\t<\/span>\n\t\t\t\t\t\t\t\t\t\t\t\t\t<\/h6>\n\t\t\t\t\t\t\t\t\t\t\t\t\t\t\t\t\t\t\t\t\t\t\t\t\t\t\t<h6 class=\"qode-wh-item clearfix\" >\n\t\t\t\t\t\t\t<span class=\"qode-wh-day\">p\u00e9ntek<\/span>&nbsp;\n\t\t\t\t\t\t\t\t\t\t\t\t\t\t\t<span class=\"qode-wh-hours\"><span class=\"qode-wh-from\">12:00<\/span>\t\t\t\t\t\t\t\t\t<span class=\"qode-wh-delimiter\"> - <\/span><span class=\"qode-wh-to\">23:00<\/span>\t\t\t\t\t\t\t\t<\/span>\n\t\t\t\t\t\t\t\t\t\t\t\t\t<\/h6>\n\t\t\t\t\t\t\t\t\t\t\t\t\t\t\t\t\t\t\t\t\t\t\t\t\t\t\t<h6 class=\"qode-wh-item clearfix\" >\n\t\t\t\t\t\t\t<span class=\"qode-wh-day\">szombat<\/span>&nbsp;\n\t\t\t\t\t\t\t\t\t\t\t\t\t\t\t<span class=\"qode-wh-hours\"><span class=\"qode-wh-from\">12:00<\/span>\t\t\t\t\t\t\t\t\t<span class=\"qode-wh-delimiter\"> - <\/span><span class=\"qode-wh-to\">23:00<\/span>\t\t\t\t\t\t\t\t<\/span>\n\t\t\t\t\t\t\t\t\t\t\t\t\t<\/h6>\n\t\t\t\t\t\t\t\t\t\t\t\t\t\t\t\t\t\t\t\t\t\t\t\t\t\t\t<h6 class=\"qode-wh-item clearfix\" >\n\t\t\t\t\t\t\t<span class=\"qode-wh-day\">vas\u00e1rnap<\/span>&nbsp;\n\t\t\t\t\t\t\t\t\t\t\t\t\t\t\t<span class=\"qode-wh-hours\"><span class=\"qode-wh-from\">12:00<\/span>\t\t\t\t\t\t\t\t\t<span class=\"qode-wh-delimiter\"> - <\/span><span class=\"qode-wh-to\">22:00<\/span>\t\t\t\t\t\t\t\t<\/span>\n\t\t\t\t\t\t\t\t\t\t\t\t\t<\/h6>\n\t\t\t\t\t\t\t\t\t\t\t\t\t\t\t<\/div>\n<\/div>\n\t\t\t\t<\/div>\n\t\t\t\t<\/div>\n\t\t\t\t<\/div>\n\t\t\t\t<\/div>\n\t\t<div class=\"elementor-element elementor-element-1d2be69 e-con-full e-flex e-con e-child\" data-id=\"1d2be69\" data-element_type=\"container\">\n\t\t<div class=\"elementor-element elementor-element-d6c5f21 e-con-full e-flex e-con e-child\" data-id=\"d6c5f21\" data-element_type=\"container\">\n\t\t\t\t<div class=\"elementor-element elementor-element-2234bee elementor-widget elementor-widget-html\" data-id=\"2234bee\" data-element_type=\"widget\" data-widget_type=\"html.default\">\n\t\t\t\t<div class=\"elementor-widget-container\">\n\t\t\t\t\t<div class=\"map-wrapper\">\n  <img decoding=\"async\" src=\"\/wp-content\/uploads\/2025\/06\/CONTACT_MAP_v2_@4x.png\" alt=\"T\u00e9rk\u00e9p\" class=\"map-wrapper_terkep\">\n  <a href=\"https:\/\/maps.app.goo.gl\/xxiwBVi5XLhkAqd37\" target=\"_blank\" rel=\"noopener\">\n  <img decoding=\"async\" src=\"https:\/\/kolevesvendeglo.hu\/wp-content\/uploads\/2025\/05\/CONTACT_MAP_ICON.png\" alt=\"Pin\" class=\"map-wrapper_pin hvr-float-shadow\">\n<\/a>\n\n<\/div>\n\n<style>\n.map-wrapper {\n  position: relative;\n  width: 100%;\n  max-width: 1000px; \/* Ig\u00e9ny szerint *\/\n  margin: 0 auto;\n}\n\n.map-wrapper_terkep {\n  width: 100%;\n  display: block;\n}\n\n.map-wrapper_pin {\n  position: absolute;\n  width: 70px;\n  transform: translate(-50%, -100%);\n  animation: bounce 2s infinite ease-in-out;\n  z-index: 10;\n  opacity: 0; \/* Kezdetben l\u00e1thatatlan *\/\n  filter: drop-shadow(0 10px 6px rgba(0, 0, 0, 0.25));\n}\n\n.map-wrapper_pin:hover {\n  animation-play-state: paused;\n}\n\n@keyframes bounce {\n  0%, 100% {\n    transform: translate(-50%, -100%) translateY(0);\n  }\n  50% {\n    transform: translate(-50%, -100%) translateY(-10px);\n  }\n}\n\n\n<\/style>\n\n<script>\nfunction positionPin() {\n  const mapWrapper = document.querySelector('.map-wrapper');\n  const pin = document.querySelector('.map-wrapper_pin');\n\n  if (!mapWrapper || !pin) return;\n\n  const wrapperWidth = mapWrapper.offsetWidth;\n  const wrapperHeight = mapWrapper.offsetHeight;\n\n  const relativeX = 0.61;\n  const relativeY = 0.65;\n\n  const x = wrapperWidth * relativeX;\n  const y = wrapperHeight * relativeY;\n\n  pin.style.left = `${x}px`;\n  pin.style.top = `${y}px`;\n\n  \/\/ Pozicion\u00e1l\u00e1s ut\u00e1n mutatjuk meg\n  pin.style.opacity = '1';\n}\n\nwindow.addEventListener('load', positionPin);\nwindow.addEventListener('resize', positionPin);\n<\/script>\n\n\t\t\t\t<\/div>\n\t\t\t\t<\/div>\n\t\t\t\t<\/div>\n\t\t\t\t<\/div>\n\t\t\t\t\t<\/div>\n\t\t\t\t<\/div>\n\t\t\t\t<\/div>\n\t\t\t\t<\/div>","protected":false},"excerpt":{"rendered":"<p>NYITVATART\u00c1S VEND\u00c9GL\u0150 KERT H\u00e9tf\u0151 Z\u00e1rvaKedd 17:00 &#8211; 01:00Szerda 17:00 &#8211; 01:00Cs\u00fct\u00f6rt\u00f6k 17:00 &#8211; 02:00P\u00e9ntek 17:00 &#8211; 02:00Szombat 14:00 &#8211; 02:00Vas\u00e1rnap 14:00 &#8211; 01:00 Monday&nbsp; Closed Tuesday&nbsp; 12:00 &#8211; 22:00 Wednesday&nbsp; 12:00 &#8211; 22:00 Thursday&nbsp; 12:00 &#8211; 23:00 Friday&nbsp; 12:00 &#8211; 23:00 Saturday&nbsp; 12:00 &#8211; 23:00&#8230;<\/p>","protected":false},"author":1,"featured_media":0,"parent":0,"menu_order":0,"comment_status":"closed","ping_status":"closed","template":"elementor_header_footer","meta":{"footnotes":""},"class_list":["post-9","page","type-page","status-publish","hentry"],"_links":{"self":[{"href":"https:\/\/kolevesvendeglo.hu\/en\/wp-json\/wp\/v2\/pages\/9","targetHints":{"allow":["GET"]}}],"collection":[{"href":"https:\/\/kolevesvendeglo.hu\/en\/wp-json\/wp\/v2\/pages"}],"about":[{"href":"https:\/\/kolevesvendeglo.hu\/en\/wp-json\/wp\/v2\/types\/page"}],"author":[{"embeddable":true,"href":"https:\/\/kolevesvendeglo.hu\/en\/wp-json\/wp\/v2\/users\/1"}],"replies":[{"embeddable":true,"href":"https:\/\/kolevesvendeglo.hu\/en\/wp-json\/wp\/v2\/comments?post=9"}],"version-history":[{"count":726,"href":"https:\/\/kolevesvendeglo.hu\/en\/wp-json\/wp\/v2\/pages\/9\/revisions"}],"predecessor-version":[{"id":8899,"href":"https:\/\/kolevesvendeglo.hu\/en\/wp-json\/wp\/v2\/pages\/9\/revisions\/8899"}],"wp:attachment":[{"href":"https:\/\/kolevesvendeglo.hu\/en\/wp-json\/wp\/v2\/media?parent=9"}],"curies":[{"name":"wp","href":"https:\/\/api.w.org\/{rel}","templated":true}]}}